{"id":862,"date":"2011-09-23T15:15:41","date_gmt":"2011-09-23T15:15:41","guid":{"rendered":"http:\/\/rttheme18.demo-rt.com\/?page_id=5"},"modified":"2017-05-29T11:29:55","modified_gmt":"2017-05-29T09:29:55","slug":"about-us","status":"publish","type":"page","link":"http:\/\/archiv.ulmer-gmbh.net\/?page_id=862","title":{"rendered":"Unternehmen"},"content":{"rendered":"<div id=\"idTextPanel\">\n<p><a href=\"http:\/\/archiv.ulmer-gmbh.net\/wp-content\/uploads\/2011\/09\/Firma.jpg\"><img decoding=\"async\" loading=\"lazy\" class=\"size-medium wp-image-2262 alignright\" src=\"http:\/\/archiv.ulmer-gmbh.net\/wp-content\/uploads\/2011\/09\/Firma-300x175.jpg\" alt=\"Firma\" width=\"300\" height=\"175\" srcset=\"http:\/\/archiv.ulmer-gmbh.net\/wp-content\/uploads\/2011\/09\/Firma-300x175.jpg 300w, http:\/\/archiv.ulmer-gmbh.net\/wp-content\/uploads\/2011\/09\/Firma.jpg 400w\" sizes=\"(max-width: 300px) 100vw, 300px\" \/><\/a>\u201eDas Gute verbessern\u201c und \u201eneue L\u00f6sungen entwickeln\u201c\u00a0 &#8211; das ist unser t\u00e4glicher Anspruch und Ansporn sowie unser Erfolgsfaktor in den globalisierten M\u00e4rkten. Daher steht der Name ULMER seit mehr als 30 Jahren f\u00fcr die Realisierung von Maschinen und Anlagen auf hohem technischem Niveau. Mit einem qualifizierten Team und einer breiten Produktpalette \u2013 exakt abstimmbar auf die Bed\u00fcrfnisse unserer Kunden \u2013 sind wir zukunftsorientiert aufgestellt.<\/p>\n<p>Kontinuit\u00e4t findet sich auch in der Unternehmensleitung: 1981 von Siegfried und Lilli\u00a0Ulmer in Herborn gegr\u00fcndet, wird ULMER heute in zweiter Generation von\u00a0Sohn Werner Ulmer gef\u00fchrt: \u201eDie Zufriedenheit unserer Kunden ist die Basis des gemeinsamen Erfolgs. Im Dialog mit unseren Kunden erarbeiten wir Probleml\u00f6sungen, produzieren Serien- und Sonderbauprodukte und leisten technische Beratung.\u201c Daher verzeichnet ULMER eine hohe Kundenbindung.<\/p>\n<p>Technisch up to date erschlie\u00dft sich ULMER stetig neue Wachstumsbranchen wie die erneuerbaren Energien, die Elektromobilit\u00e4t und die Hybridfahrzeugtechnik.<\/p>\n<p>&nbsp;<\/p>\n<\/div>\n","protected":false},"excerpt":{"rendered":"<p>\u201eDas Gute verbessern\u201c und \u201eneue L\u00f6sungen entwickeln\u201c\u00a0 &#8211; das ist unser t\u00e4glicher Anspruch und Ansporn sowie unser Erfolgsfaktor in den globalisierten M\u00e4rkten. Daher steht der Name ULMER seit mehr als 30 Jahren f\u00fcr die Realisierung von Maschinen und Anlagen auf hohem technischem Niveau. Mit einem qualifizierten Team und einer breiten Produktpalette \u2013 exakt abstimmbar auf [&hellip;]<\/p>\n","protected":false},"author":1,"featured_media":0,"parent":0,"menu_order":0,"comment_status":"open","ping_status":"open","template":"","meta":[],"_links":{"self":[{"href":"http:\/\/archiv.ulmer-gmbh.net\/index.php?rest_route=\/wp\/v2\/pages\/862"}],"collection":[{"href":"http:\/\/archiv.ulmer-gmbh.net\/index.php?rest_route=\/wp\/v2\/pages"}],"about":[{"href":"http:\/\/archiv.ulmer-gmbh.net\/index.php?rest_route=\/wp\/v2\/types\/page"}],"author":[{"embeddable":true,"href":"http:\/\/archiv.ulmer-gmbh.net\/index.php?rest_route=\/wp\/v2\/users\/1"}],"replies":[{"embeddable":true,"href":"http:\/\/archiv.ulmer-gmbh.net\/index.php?rest_route=%2Fwp%2Fv2%2Fcomments&post=862"}],"version-history":[{"count":5,"href":"http:\/\/archiv.ulmer-gmbh.net\/index.php?rest_route=\/wp\/v2\/pages\/862\/revisions"}],"predecessor-version":[{"id":3319,"href":"http:\/\/archiv.ulmer-gmbh.net\/index.php?rest_route=\/wp\/v2\/pages\/862\/revisions\/3319"}],"wp:attachment":[{"href":"http:\/\/archiv.ulmer-gmbh.net\/index.php?rest_route=%2Fwp%2Fv2%2Fmedia&parent=862"}],"curies":[{"name":"wp","href":"https:\/\/api.w.org\/{rel}","templated":true}]}}